{"id":9,"date":"2025-04-19T12:06:27","date_gmt":"2025-04-19T10:06:27","guid":{"rendered":"https:\/\/luddisti.noblogs.org\/?page_id=9"},"modified":"2025-04-20T09:47:03","modified_gmt":"2025-04-20T07:47:03","slug":"leopardi-e-le-macchine","status":"publish","type":"page","link":"https:\/\/luddisti.noblogs.org\/?page_id=9","title":{"rendered":"Leopardi e le macchine"},"content":{"rendered":"\n<figure class=\"wp-block-image size-large\"><img decoding=\"async\" src=\"https:\/\/www.studiarapido.it\/wp-content\/uploads\/2015\/06\/giacomo-leopardi.jpg\" alt=\"\" \/><\/figure>\n\n\n\n<p>Nelle Operette Morali di Giacomo Leopardi, ce n\u2019\u00e8 una poco conosciuta \u201cProposta di premi fatta dall\u2019Accademia dei Sillografi\u201d, scritta nel febbraio del 1824 a Recanati. Un breve scritto ironico (i sillografi erano nell\u2019antica Grecia i creatori di versi burleschi\u2026) ma assai profetico come accade spesso nei poeti.<br><em>\u201cL\u2019Accademia dei Sillografi attendendo di continuo, secondo il suo principale instituto, a procurare con ogni suo sforzo l\u2019utilit\u00e0 comune, e stimando niuna cosa essere pi\u00f9 conforme a questo proposito che aiutare e promuovere gli andamenti e le inclinazionidel fortunato secolo in cui siamo, come dice un poeta illustre; ha tolto a considerare diligentemente le qualit\u00e0 e l\u2019indole del nostro tempo, e dopo lungo e maturo esame si \u00e8 risoluta di poterlo chiamare l\u2019et\u00e0 delle macchine, non solo perch\u00e9 gli uomini di oggid\u00ec procedono e vivono forse pi\u00f9 meccanicamente di tutti i passati, ma eziandio per rispetto al grandissimo numero delle macchine inventate di fresco ed accomodate o che si vanno tutto giorno trovando ed accomodando a tanti e cos\u00ec vari esercizi, che oramai non gli uomini ma le macchine, si pu\u00f2 dire, trattano le cose umane e fanno le opere della vita.\u201d<br><\/em>Nel 1824 la centralit\u00e0 delle macchine comincia a far sentire il suo peso. Si respira un tono polemico e traspare uno spirito luddista assai vicino ai poeti. Si presentano tre proposte di premi che questa accademia ha pensato.<br>La prima macchina da creare sar\u00e0 un robot che avr\u00e0 il compito di diventare l\u2019amico perfetto.<br>La seconda dovr\u00e0 sostituire l\u2019uomo nelle azioni virtuose, dispensando di fatto dalle incombenze derivanti dalla relazione con l\u2019altro.<br>L\u2019ultima, \u00e8 quella di \u201ccreare la donna perfetta, che risponda, cio\u00e8, ai dettami ideali descritti dai poeti.\u201d<br>Oggi tra IA, invasivit\u00e0 dei social e delle chat, e soprattutto la confusione che viene fatta tra reale e virtuale, quest\u2019opera di Leopardi assume una grande valenza evocativa.<\/p>\n\n\n\n<p>Simone Cumbo<\/p>\n\n\n\n<p><a href=\"http:\/\/www.simonecumbo.it\" data-type=\"link\" data-id=\"www.simonecumbo.it\">www.simonecumbo.it<\/a><br><br>Edit.<\/p>\n\n\n<p><!-- \/wp:post-content --><\/p>","protected":false},"excerpt":{"rendered":"<p>Nelle Operette Morali di Giacomo Leopardi, ce n\u2019\u00e8 una poco conosciuta \u201cProposta di premi fatta dall\u2019Accademia dei Sillografi\u201d, scritta nel febbraio del 1824 a Recanati. Un breve scritto ironico (i sillografi erano nell\u2019antica Grecia i creatori di versi burleschi\u2026) ma assai profetico come accade spesso nei poeti.\u201cL\u2019Accademia dei Sillografi attendendo di continuo, secondo il suo [&hellip;]<\/p>\n","protected":false},"author":20294,"featured_media":0,"parent":0,"menu_order":0,"comment_status":"closed","ping_status":"closed","template":"","meta":{"activitypub_content_warning":"","activitypub_content_visibility":"","activitypub_max_image_attachments":3,"activitypub_interaction_policy_quote":"anyone","activitypub_status":"","footnotes":""},"class_list":["post-9","page","type-page","status-publish","hentry"],"_links":{"self":[{"href":"https:\/\/luddisti.noblogs.org\/index.php?rest_route=\/wp\/v2\/pages\/9","targetHints":{"allow":["GET"]}}],"collection":[{"href":"https:\/\/luddisti.noblogs.org\/index.php?rest_route=\/wp\/v2\/pages"}],"about":[{"href":"https:\/\/luddisti.noblogs.org\/index.php?rest_route=\/wp\/v2\/types\/page"}],"author":[{"embeddable":true,"href":"https:\/\/luddisti.noblogs.org\/index.php?rest_route=\/wp\/v2\/users\/20294"}],"replies":[{"embeddable":true,"href":"https:\/\/luddisti.noblogs.org\/index.php?rest_route=%2Fwp%2Fv2%2Fcomments&post=9"}],"version-history":[{"count":3,"href":"https:\/\/luddisti.noblogs.org\/index.php?rest_route=\/wp\/v2\/pages\/9\/revisions"}],"predecessor-version":[{"id":117,"href":"https:\/\/luddisti.noblogs.org\/index.php?rest_route=\/wp\/v2\/pages\/9\/revisions\/117"}],"wp:attachment":[{"href":"https:\/\/luddisti.noblogs.org\/index.php?rest_route=%2Fwp%2Fv2%2Fmedia&parent=9"}],"curies":[{"name":"wp","href":"https:\/\/api.w.org\/{rel}","templated":true}]}}