{"id":51,"date":"2025-04-19T15:13:20","date_gmt":"2025-04-19T13:13:20","guid":{"rendered":"https:\/\/luddisti.noblogs.org\/?page_id=51"},"modified":"2025-04-19T15:13:21","modified_gmt":"2025-04-19T13:13:21","slug":"il-lavoro-nobilita","status":"publish","type":"page","link":"https:\/\/luddisti.noblogs.org\/?page_id=51","title":{"rendered":"Il lavoro nobilita?"},"content":{"rendered":"\n<blockquote class=\"wp-block-quote is-layout-flow wp-block-quote-is-layout-flow\">\n<p>\u201cIl lavoro nobilita l\u2019uomo, ma lo rende simile alla bestia\u201d<\/p>\n\n\n\n<p>Nei prossimi giorni, il 1\u00b0 maggio, si celebrer\u00e0 la Festa del Lavoro e dei lavoratori. Cio\u00e8 noi, senza accorgercene, festeggeremo la nostra schiavit\u00f9. In epoche pre-moderne il lavoro non \u00e8 mai stato un valore, tanto che San Paolo, che pur essendo un Santo e quindi disponibile al sacrificio, lo definisce \u201cuno spiacevole sudore della fronte\u201d.<\/p>\n\n\n\n<p>Il lavoro diventa importante, anzi decisivo, con la Rivoluzione industriale il cui feticcio \u00e8 la produttivit\u00e0. Scrive Dino Buzzati: \u201cLa produttivit\u00e0, ecco la sola cosa che veramente conti e davvero non si riesce a concepire come per millenni l\u2019umanit\u00e0 abbia ignorato questa verit\u00e0 fondamentale\u2026 Produrre, costruire, spingere sempre pi\u00f9 in su le curve dei diagrammi, potenziare industrie, commerci, sviluppare le indagini scientifiche rivolte all\u2019incremento della efficienza nazionale, convogliare sempre maggiori energie nella progressiva espansione dei traffici\u2026 Tecnica, calcolo, concretezza merceologica, tonnellate, mercuriali, valori del mercato\u2026\u201d da Era proibito, racconto del 1958 dove lo scrittore si schiera contro la produttivit\u00e0 in favore della poesia, cio\u00e8 della vita (se non fosse nato prima di me direi che Buzzati mi ha copiato).<\/p>\n\n\n\n<p>La Festa del Lavoro fu istituita negli anni Sessanta dell\u2019Ottocento per difendere i lavoratori dagli eccessi degli industriali che facevano lavorare anche i bambini di sei anni. E furono gli stessi industriali a darsi una qualche calmata quando si accorsero che a furia di massacrare i lavoratori con orari disumani finivano per ammazzarli perdendo cos\u00ec il proprio \u201ccapitale umano\u201d, espressione che di per s\u00e9 gi\u00e0 dice tutto. Anche i sindacati sulla linea del pensiero marxista e socialista cercarono di metterci una pezza. Ma, nella sostanza, inutilmente. Per Marx il lavoro resta \u201cl\u2019essenza del valore\u201d, del resto Stachanov \u00e8 un eroe dell\u2019Unione Sovietica (La classe operaia va in paradiso, 1971, con la straordinaria interpretazione di Gian Maria Volont\u00e9) per i liberisti, che non vanno confusi con i liberali, cio\u00e8 Adam Smith, Ricardo e compagnia cantante, il lavoro \u00e8 esattamente quel fattore che, combinandosi con il capitale, d\u00e0 il famoso \u201cplusvalore\u201d.<\/p>\n\n\n\n<p>Intendiamoci, la sete di lucro e la voglia di ricchezza non \u00e8 solo degli imprenditori, ma come nota sarcasticamente Max Weber, L\u2019etica protestante e lo spirito del capitalismo, 1904, riguarda \u201ccamerieri, medici, cocchieri, artisti, cocottes, impiegati corruttibili, soldati, banditi, i frequentatori di bische, i mendicanti, si pu\u00f2 dire presso all sorts and conditions of men\u2026\u201d. Ma che la ricchezza dovesse essere raggiunta non alla Ruota della fortuna o, per dirla adeguandoci ai nostri tempi, con una vincita al Totocalcio o al Lotto o all\u2019Enalotto, questa era la novit\u00e0 inaudita.<\/p>\n\n\n\n<p>Nel maggio del 1987 feci un reportage dal Sudafrica dell\u2019Apartheid. Ci\u00f2 che dir\u00f2 appresso riguarda in particolare il Ciskei dove mi fermai una settimana, uno degli Stati interni del Sudafrica mai riconosciuti dalla cosiddetta Comunit\u00e0 internazionale. Mi accompagnava mio cugino, Valerio Baldini, geologo, che da quelle parti aveva vissuto a lungo. Ne riporto qui alcuni stralci (se \u00e8 consentito a Feltri, lo sar\u00e0 anche a me spero). \u201cLe case delle campagne, le classiche huts a forma di cono, sono decorose, sia per la costruzione (i tetti sono di paglia, perch\u00e9 \u00e8 il migliore riparo dal caldo, ma il corpo \u00e8 di cemento) che per la disposizione. I campi sono coltivati, in genere a granoturco, quel tanto che serve. Sulla strada si colgono scene di un\u2019antica Arcadia: donne alla fonte; donne che portano in equilibrio sul capo fascine di legna, cesti di frutta, secchi di acqua; pastori, immobili, avvolti in lunghi mantelli; fieri cavalieri; adolescenti, graziose come gazzelle, che giocano a pallamano\u201d. Fui circondato, per curiosit\u00e0, da alcuni adolescenti che facevano scuola all\u2019aperto, ragazzi e ragazze. Mi guardavano con occhi curiosi, limpidi, privi di malizia. Per essere felici gli mancava solo, e fortunatamente, la consapevolezza di esserlo. Valerio mi disse: \u201cVedi, il nero ha una cultura completamente diversa dalla nostra. Non ha voglia di guadagnare, di andare avanti, di fare profitti, si accontenta di quello che ha. Un bianco vuole sempre di pi\u00f9, se ha un campo lo coltiva tutto, il nero lo coltiva solo per quella parte che gli serve. Questa mentalit\u00e0 resiste fino a quando il nero non viene in contatto con il modello dei bianchi. Se vive vicino ai bianchi, vedendo come vivono i bianchi, alla fine assume i loro costumi. Quello che ha non gli basta pi\u00f9\u201d. Ecco spiegato in due parole, senza bisogno di Weber, di Sombart, di Simmel e anche di Marx, lo spirito del capitalismo.<\/p>\n\n\n\n<p>Naturalmente noi questo modo di vivere sereno lo abbiamo smantellato soprattutto in Africa nera e cerchiamo di sconvolgerlo, ad uso naturalmente di predazione, ulteriormente con i vari \u201cPiani Mattei\u201d.<\/p>\n\n\n\n<p>Ultimamente c\u2019\u00e8 una certa rivolta giovanile nei confronti di questa Konkurrenzkampf che ci fa vivere male tutti, in particolare i giovani ma non solo loro. Negli Stati Uniti \u00e8 nato un movimento, il Luddite club, ispirato al Luddismo, che per\u00f2 non distrugge ingenuamente le macchine, ma si rifiuta di usarle, a cominciare dai micidiali smartphone. Pi\u00f9 limitatamente i giovani si rifiutano di fare un solo minuto di straordinario, non vogliono essere disturbati a casa dalle telefonate dei dirigenti. Al lavoro preferiscono la vita.<\/p>\n\n\n\n<p><em>Massimo Fini Il Fatto Quotidiano 19-04-2025<\/em><\/p>\n\n\n\n<p><a href=\"https:\/\/www.ilfattoquotidiano.it\/in-edicola\/articoli\/2025\/04\/19\/contro-la-banalita-del-dio-lavoro\/7958527\/\" data-type=\"link\" data-id=\"https:\/\/www.ilfattoquotidiano.it\/in-edicola\/articoli\/2025\/04\/19\/contro-la-banalita-del-dio-lavoro\/7958527\/\">https:\/\/www.ilfattoquotidiano.it\/in-edicola\/articoli\/2025\/04\/19\/contro-la-banalita-del-dio-lavoro\/7958527\/<\/a><\/p>\n\n\n\n<p><\/p>\n\n\n\n<p><\/p>\n<\/blockquote>\n\n\n\n<p><\/p>\n","protected":false},"excerpt":{"rendered":"<p>\u201cIl lavoro nobilita l\u2019uomo, ma lo rende simile alla bestia\u201d Nei prossimi giorni, il 1\u00b0 maggio, si celebrer\u00e0 la Festa del Lavoro e dei lavoratori. Cio\u00e8 noi, senza accorgercene, festeggeremo la nostra schiavit\u00f9. In epoche pre-moderne il lavoro non \u00e8 mai stato un valore, tanto che San Paolo, che pur essendo un Santo e quindi [&hellip;]<\/p>\n","protected":false},"author":20294,"featured_media":0,"parent":0,"menu_order":0,"comment_status":"closed","ping_status":"closed","template":"","meta":{"activitypub_content_warning":"","activitypub_content_visibility":"","activitypub_max_image_attachments":3,"activitypub_interaction_policy_quote":"anyone","activitypub_status":"","footnotes":""},"class_list":["post-51","page","type-page","status-publish","hentry"],"_links":{"self":[{"href":"https:\/\/luddisti.noblogs.org\/index.php?rest_route=\/wp\/v2\/pages\/51","targetHints":{"allow":["GET"]}}],"collection":[{"href":"https:\/\/luddisti.noblogs.org\/index.php?rest_route=\/wp\/v2\/pages"}],"about":[{"href":"https:\/\/luddisti.noblogs.org\/index.php?rest_route=\/wp\/v2\/types\/page"}],"author":[{"embeddable":true,"href":"https:\/\/luddisti.noblogs.org\/index.php?rest_route=\/wp\/v2\/users\/20294"}],"replies":[{"embeddable":true,"href":"https:\/\/luddisti.noblogs.org\/index.php?rest_route=%2Fwp%2Fv2%2Fcomments&post=51"}],"version-history":[{"count":1,"href":"https:\/\/luddisti.noblogs.org\/index.php?rest_route=\/wp\/v2\/pages\/51\/revisions"}],"predecessor-version":[{"id":52,"href":"https:\/\/luddisti.noblogs.org\/index.php?rest_route=\/wp\/v2\/pages\/51\/revisions\/52"}],"wp:attachment":[{"href":"https:\/\/luddisti.noblogs.org\/index.php?rest_route=%2Fwp%2Fv2%2Fmedia&parent=51"}],"curies":[{"name":"wp","href":"https:\/\/api.w.org\/{rel}","templated":true}]}}